{"id":26,"date":"2013-04-28T09:59:51","date_gmt":"2013-04-28T07:59:51","guid":{"rendered":"http:\/\/www.praxis-isenmann.ch\/wordpress\/?page_id=26"},"modified":"2023-09-19T21:05:48","modified_gmt":"2023-09-19T19:05:48","slug":"ueber-unsere-praxis","status":"publish","type":"page","link":"https:\/\/www.praxis-isenmann.ch\/wordpress\/","title":{"rendered":"Herzlich Willkommen in meiner Praxis"},"content":{"rendered":"<h2><span style=\"color: #008080;\"><strong>Bei mir sind Sie in qualifizierten H\u00e4nden<\/strong><\/span><\/h2>\n<p><a href=\"http:\/\/www.praxis-isenmann.ch\/wordpress\/wp-content\/uploads\/2020\/01\/Claudia_Isenmann-Stoll_2020.jpg\"><img decoding=\"async\" loading=\"lazy\" class=\"aligncenter wp-image-481 size-full\" src=\"http:\/\/www.praxis-isenmann.ch\/wordpress\/wp-content\/uploads\/2020\/01\/Claudia_Isenmann-Stoll_2020.jpg\" alt=\"\" width=\"1280\" height=\"852\" srcset=\"https:\/\/www.praxis-isenmann.ch\/wordpress\/wp-content\/uploads\/2020\/01\/Claudia_Isenmann-Stoll_2020.jpg 1280w, https:\/\/www.praxis-isenmann.ch\/wordpress\/wp-content\/uploads\/2020\/01\/Claudia_Isenmann-Stoll_2020-300x200.jpg 300w, https:\/\/www.praxis-isenmann.ch\/wordpress\/wp-content\/uploads\/2020\/01\/Claudia_Isenmann-Stoll_2020-1024x682.jpg 1024w, https:\/\/www.praxis-isenmann.ch\/wordpress\/wp-content\/uploads\/2020\/01\/Claudia_Isenmann-Stoll_2020-768x511.jpg 768w, https:\/\/www.praxis-isenmann.ch\/wordpress\/wp-content\/uploads\/2020\/01\/Claudia_Isenmann-Stoll_2020-624x415.jpg 624w\" sizes=\"(max-width: 1280px) 100vw, 1280px\" \/><\/a><\/p>\n<p><span style=\"font-size: revert;\">Mein Name ist <strong>Claudia Isenmann-Stoll<\/strong>. Ich behandle als selbst\u00e4ndige Physiotherapeutin FH in der Physio Isenmann.\u00a0<\/span><span style=\"font-size: revert;\">Meine langj\u00e4hrige Erfahrung habe ich in verschiedenen Spit\u00e4lern und privaten Praxen gesammelt. Mein Schwerpunkt ist die Physiotherapie erg\u00e4nzt mit medizinischen und klassischen Massagen. Meine Spezialgebiete sind Faszienbehandlungen (FDM), Geriatrie und Lymphdrainage.\u00a0<\/span><\/p>\n<p>Als Therapeutin ist es mir wichtig, dass ich die Sichtweise des Patienten einbeziehen kann. Aufgrund meiner Erfahrung weiss ich, dass Menschen mit gleichen Beschwerden unterschiedlich auf Methoden reagieren. Deshalb h\u00f6re ich Ihnen gut zu, bevor ich mit einer Behandlung beginne.\u00a0<\/p>\n<p>Rufen Sie mich an, ich freue mich Sie kennenzulernen.<\/p>\n<hr \/>\n<h2><span style=\"color: #008080;\"><strong>Physiotherapie &#8211; f\u00fcr einen gesunden Bewegungsapparat<\/strong><\/span><\/h2>\n<ul>\n<li>Faszienbehandlung nach dem Fasziendistorsionsmodell (FDM)<\/li>\n<li>\n<div class=\"CCgQ5 vCa9Yd QfkTvb MUxGbd v0nnCb\" role=\"heading\" aria-level=\"3\">Atemtherapie<\/div>\n<\/li>\n<li>Triggerpunkttherapie<\/li>\n<li>Geriatrie<\/li>\n<li>Taiji Qigong (in Ausbildung)<\/li>\n<\/ul>\n<h2><span style=\"color: #008080;\"><strong>Massagen \u2013 f\u00fcr Entspannung, Belebung und Bewegung<\/strong><\/span><\/h2>\n<ul>\n<li>Medizinische Massage<\/li>\n<li>Klassische Teil- oder Ganzk\u00f6rpermassage<\/li>\n<li>Lymphdrainage und \u00d6demtherapie nach Prof. Dr. M. F\u00f6ldi<\/li>\n<li>Bindegewebsmassage<\/li>\n<\/ul>\n<p>Alle meine Therapien werden von den meisten Krankenkassen anerkannt und somit werden die Kosten ganz oder teilweise \u00fcbernommen.<\/p>\n<hr \/>\n<h2><span style=\"color: #008080;\"><strong>Qualifikation<\/strong><\/span><\/h2>\n<ul>\n<li>Physiotherapeutin FH, Fachhochschule Bern \/ Basel<\/li>\n<li>Taiji Qigong (in Ausbildung)<\/li>\n<li>FMD Basic Certificate, EFDMA Bad Zurzach<\/li>\n<li>Manuelle Lymphdrainage und Komplexe Physikalische Entstauungstherapie, F\u00f6ldischule Freiburg<\/li>\n<li>Spit\u00e4ler: Universit\u00e4tsspital Basel, Kantonsspital Bruderholz, Bethesda, Kantonsspital Olten<\/li>\n<li>Private Praxen: Physio Henrich (Riehen), Praxis f\u00fcr Physiotherapie Bertram (Basel), Physio W\u00e4lte (Reinach)<\/li>\n<\/ul>\n<hr \/>\n<h2><span style=\"color: #008080;\"><strong>Pers\u00f6nliches<\/strong><\/span><\/h2>\n<ul>\n<li>Geboren in Basel, wohnhaft in Arlesheim<\/li>\n<li>Verheiratet und Mutter von drei Kindern<\/li>\n<li>Sprachen: Schweizerdeutsch, Deutsch, Englisch<\/li>\n<\/ul>\n<hr \/>\n<h2><span style=\"color: #008080;\">Termin direkt vereinbaren<\/span><\/h2>\n<h1><span style=\"color: #000000;\">076 575 78 71<\/span><\/h1>\n<p>W\u00e4hrend einer Behandlung konzentriere ich mich auf meine Kunden und ich kann daher keine Anrufe entgegen nehmen. Ich rufe Sie gerne so bald als m\u00f6glich zur\u00fcck.<\/p>\n\n\n<p><\/p>\n","protected":false},"excerpt":{"rendered":"<p>Bei mir sind Sie in qualifizierten H\u00e4nden Mein Name ist Claudia Isenmann-Stoll. Ich behandle als selbst\u00e4ndige Physiotherapeutin FH in der Physio Isenmann.\u00a0Meine langj\u00e4hrige Erfahrung habe ich in verschiedenen Spit\u00e4lern und privaten Praxen gesammelt. Mein Schwerpunkt ist die Physiotherapie erg\u00e4nzt mit medizinischen und klassischen Massagen. Meine Spezialgebiete sind Faszienbehandlungen (FDM), Geriatrie und Lymphdrainage.\u00a0 Als Therapeutin ist [&hellip;]<\/p>\n","protected":false},"author":1,"featured_media":0,"parent":0,"menu_order":0,"comment_status":"closed","ping_status":"closed","template":"","meta":{"_mi_skip_tracking":false,"_monsterinsights_sitenote_active":false,"_monsterinsights_sitenote_note":"","_monsterinsights_sitenote_category":0,"footnotes":""},"aioseo_notices":[],"_links":{"self":[{"href":"https:\/\/www.praxis-isenmann.ch\/wordpress\/index.php?rest_route=\/wp\/v2\/pages\/26"}],"collection":[{"href":"https:\/\/www.praxis-isenmann.ch\/wordpress\/index.php?rest_route=\/wp\/v2\/pages"}],"about":[{"href":"https:\/\/www.praxis-isenmann.ch\/wordpress\/index.php?rest_route=\/wp\/v2\/types\/page"}],"author":[{"embeddable":true,"href":"https:\/\/www.praxis-isenmann.ch\/wordpress\/index.php?rest_route=\/wp\/v2\/users\/1"}],"replies":[{"embeddable":true,"href":"https:\/\/www.praxis-isenmann.ch\/wordpress\/index.php?rest_route=%2Fwp%2Fv2%2Fcomments&post=26"}],"version-history":[{"count":102,"href":"https:\/\/www.praxis-isenmann.ch\/wordpress\/index.php?rest_route=\/wp\/v2\/pages\/26\/revisions"}],"predecessor-version":[{"id":643,"href":"https:\/\/www.praxis-isenmann.ch\/wordpress\/index.php?rest_route=\/wp\/v2\/pages\/26\/revisions\/643"}],"wp:attachment":[{"href":"https:\/\/www.praxis-isenmann.ch\/wordpress\/index.php?rest_route=%2Fwp%2Fv2%2Fmedia&parent=26"}],"curies":[{"name":"wp","href":"https:\/\/api.w.org\/{rel}","templated":true}]}}