{"id":34,"date":"2013-04-28T10:56:10","date_gmt":"2013-04-28T08:56:10","guid":{"rendered":"http:\/\/www.praxis-isenmann.ch\/wordpress\/?page_id=34"},"modified":"2022-09-12T21:59:38","modified_gmt":"2022-09-12T19:59:38","slug":"physio-isenmann-angebote","status":"publish","type":"page","link":"https:\/\/www.praxis-isenmann.ch\/wordpress\/?page_id=34","title":{"rendered":"Meine Therapieangebote"},"content":{"rendered":"<h2><span style=\"color: #008080;\">Physiotherapie<\/span><\/h2>\n<p>Zusammen mit Medizin und Pflege bildet die Physiotherapie die drei S\u00e4ulen der Schulmedizin. Gemeinsam haben die physiotherapeutischen Methoden, dass sie nicht invasiv sind, sondern rein \u00e4usserlich auf Gewebe, Muskeln, Sehnen und Gelenke einwirken. Man kann die verschiedenen Behandlungsarten in aktive und passive Methoden unterteilen. Die Physiotherapie richtet sich an Menschen mit akuten oder chronischen Erkrankungen, Behinderte und Gesunde. Die Physiotherapie ist bei vielen Beschwerden eine Alternative oder sinnvolle Erg\u00e4nzung zur operativen oder medikament\u00f6sen Behandlung.<\/p>\n<h2><span style=\"color: #008080;\"><strong>Triggerpunkttherapie<\/strong><\/span><\/h2>\n<p>Diese Behandlung hat als Ziel die Beseitigung von Schmerzen sogenannter myofaszialer Triggerpunkte. Diese sind lokal begrenzte Muskelverh\u00e4rtungen in der Skelettmuskulatur, die lokal druckempfindlich sind und von denen \u00fcbertragene Schmerzen ausgehen k\u00f6nnen. Rund 80 bis 90% der Schmerzsyndrome sollen auf derartige Muskulaturverh\u00e4rtungen zur\u00fcckzuf\u00fchren sein.<\/p>\n<h2><span style=\"color: #008080;\"><strong>Faszienbehandlung nach dem Fasziendistorsionsmodell (FDM)<\/strong><\/span><\/h2>\n<p>Das Fasziendistorsionsmodell ist ein Konzept aus der <a href=\"https:\/\/de.wikipedia.org\/wiki\/Osteopathie_(Alternativmedizin)\">Osteopathie<\/a>. Grundlage sind die St\u00f6rungen (sechs Fasziendistorsionen) innerhalb der Faszien des Bewegungsapparates. Die Beschreibungen der Beschwerden haben widerkehrende Muster in der Wortwahl und in der K\u00f6rpersprache. Das Diagnoseverfahren basiert daher auf Vertrauen gegen\u00fcber der Eigenwahrnehmung der Menschen. Die Behandlung ist manuell, also mittels spezifischer Handgriffe.<\/p>\n<h2><span style=\"color: #008080;\"><strong>Geriatrie<\/strong><\/span><\/h2>\n<p>In der Geriatrie geht es um die Behandlung der Beschwerden \u00e4lterer Menschen. Grunds\u00e4tzlich sagt das Alter wenig \u00fcber den Gesundheitszustand von Menschen aus. Es gibt jedoch Beschwerden, welche mit zunehmendem Alter h\u00e4ufiger vorkommen k\u00f6nnen \u00a0wie z.B. Gebrechlichkeit, Schwindel, \u00c4ngste, etc. Die Geriatrie widmet sich diesen Herausforderungen intensiv mit dem Ziel die F\u00e4higkeiten, welche f\u00fcr die Aufgaben des t\u00e4glichen Lebens ben\u00f6tigt werden, aufrecht zu erhalten.<\/p>\n<h2><span style=\"color: #008080;\"><strong>Atemtherapie<\/strong><\/span><\/h2>\n<p>Die Atemtherapie umfasst \u00dcbungen und Techniken, die dem Patienten die Atmung erleichtern und seine bewusste K\u00f6rperwahrnehmung f\u00f6rdern sollen. Sie ist ein Teilgebiet der Physiotherapie und wird zum Beispiel bei Patienten mit Asthma oder chronisch obstruktiver Lungenerkrankung (COPD) angewandt.<\/p>\n<h2><span style=\"color: #008080;\"><strong>Taiji Qigong<\/strong><\/span><\/h2>\n<p>Taiji und Qigong sind\u00a0meditative Bewegungsformen. Sie entstammen der traditionellen chinesischen Medizin (TCM) und verbinden \u00dcbungen zur entspannten Konzentration mit K\u00f6rper- und Atem\u00fcbungen. Basis f\u00fcr Taiji und Qigong ist das Prinzip des Yin und Yang. Nach chinesischer Auffassung flie\u00dft das Qi entlang bestimmter K\u00f6rperlinien (Meridiane) durch den K\u00f6rper. Durch Disharmonien kann das Qi blockiert werden, was beispielsweise zu Muskelschmerzen f\u00fchren kann. Mit Taiji und Qigong k\u00f6nnen\u00a0 Blockaden gel\u00f6st und das Qi wieder harmonisiert werden.<\/p>\n","protected":false},"excerpt":{"rendered":"<p>Physiotherapie Zusammen mit Medizin und Pflege bildet die Physiotherapie die drei S\u00e4ulen der Schulmedizin. Gemeinsam haben die physiotherapeutischen Methoden, dass sie nicht invasiv sind, sondern rein \u00e4usserlich auf Gewebe, Muskeln, Sehnen und Gelenke einwirken. Man kann die verschiedenen Behandlungsarten in aktive und passive Methoden unterteilen. Die Physiotherapie richtet sich an Menschen mit akuten oder chronischen [&hellip;]<\/p>\n","protected":false},"author":1,"featured_media":0,"parent":0,"menu_order":2,"comment_status":"closed","ping_status":"closed","template":"","meta":{"_mi_skip_tracking":false,"_monsterinsights_sitenote_active":false,"_monsterinsights_sitenote_note":"","_monsterinsights_sitenote_category":0,"footnotes":""},"aioseo_notices":[],"_links":{"self":[{"href":"https:\/\/www.praxis-isenmann.ch\/wordpress\/index.php?rest_route=\/wp\/v2\/pages\/34"}],"collection":[{"href":"https:\/\/www.praxis-isenmann.ch\/wordpress\/index.php?rest_route=\/wp\/v2\/pages"}],"about":[{"href":"https:\/\/www.praxis-isenmann.ch\/wordpress\/index.php?rest_route=\/wp\/v2\/types\/page"}],"author":[{"embeddable":true,"href":"https:\/\/www.praxis-isenmann.ch\/wordpress\/index.php?rest_route=\/wp\/v2\/users\/1"}],"replies":[{"embeddable":true,"href":"https:\/\/www.praxis-isenmann.ch\/wordpress\/index.php?rest_route=%2Fwp%2Fv2%2Fcomments&post=34"}],"version-history":[{"count":49,"href":"https:\/\/www.praxis-isenmann.ch\/wordpress\/index.php?rest_route=\/wp\/v2\/pages\/34\/revisions"}],"predecessor-version":[{"id":634,"href":"https:\/\/www.praxis-isenmann.ch\/wordpress\/index.php?rest_route=\/wp\/v2\/pages\/34\/revisions\/634"}],"wp:attachment":[{"href":"https:\/\/www.praxis-isenmann.ch\/wordpress\/index.php?rest_route=%2Fwp%2Fv2%2Fmedia&parent=34"}],"curies":[{"name":"wp","href":"https:\/\/api.w.org\/{rel}","templated":true}]}}